{"id":3,"date":"2024-04-23T14:05:38","date_gmt":"2024-04-23T12:05:38","guid":{"rendered":"http:\/\/maneoac.cluster023.hosting.ovh.net\/?page_id=3"},"modified":"2024-04-25T13:44:18","modified_gmt":"2024-04-25T11:44:18","slug":"mentions-legales","status":"publish","type":"page","link":"https:\/\/www.maneo-avocat.fr\/index.php\/mentions-legales\/","title":{"rendered":"Mentions l\u00e9gales"},"content":{"rendered":"\t\t<div data-elementor-type=\"wp-page\" data-elementor-id=\"3\" class=\"elementor elementor-3\" data-elementor-settings=\"{&quot;ha_cmc_init_switcher&quot;:&quot;no&quot;}\">\n\t\t\t\t<div class=\"elementor-element elementor-element-4d5ccd50 e-flex e-con-boxed e-con e-parent\" data-id=\"4d5ccd50\" data-element_type=\"container\" data-e-type=\"container\" data-settings=\"{&quot;_ha_eqh_enable&quot;:false}\">\n\t\t\t\t\t<div class=\"e-con-inner\">\n\t\t\t\t<div class=\"elementor-element elementor-element-5e0a888e elementor-widget elementor-widget-text-editor\" data-id=\"5e0a888e\" data-element_type=\"widget\" data-e-type=\"widget\" data-widget_type=\"text-editor.default\">\n\t\t\t\t<div class=\"elementor-widget-container\">\n\t\t\t\t\t\t\t\t\t\n<p><small>Merci de bien vouloir lire attentivement l\u2019int\u00e9gralit\u00e9 des pr\u00e9sentes informations l\u00e9gales avant de consulter le site. Les pr\u00e9sentes informations l\u00e9gales ont pour objet de d\u00e9finir les modalit\u00e9s d\u2019acc\u00e8s et d\u2019utilisation du site accessible \u00e0 partir de l\u2019adresse www.maneo-avocat.fr et propos\u00e9 aux internautes par MANEO AVOCAT. <\/small><\/p>\n<p>\u00a0<\/p>\n<p><strong>SARL MANEO AVOCAT<\/strong><\/p>\n<p>&gt; capital de 172.000\u20ac<\/p>\n<p>&gt; 40 rue Joseph Gaillard, 94300 Vincennes<\/p>\n<p>&gt; T\u00e9l\u00e9phone : <a href=\"tel:+33148721712\">01\u00a048\u00a072\u00a017\u00a012<\/a><\/p>\n<p>&gt; Mail : <a href=\"mailto:contact@maneo-avocat.fr\">contact@maneo-avocat.fr<\/a><\/p>\n<h5 class=\"wp-block-heading\">Responsable de la publication<\/h5>\n<p>Caroline Darchis<br \/>Les textes et media publi\u00e9s sur ce site sont la responsabilit\u00e9 de MANEO AVOCAT.<\/p>\n<h5>Conception du site<\/h5>\n<p>Ingrid Hamard, 5 rue Charles Chollet 44120 Vertou, <a href=\"mailto:lahdelf@gmail.com\">email<\/a><\/p>\n<hr \/>\n<h5>H\u00e9bergement<\/h5>\n<p>Ce site est h\u00e9berg\u00e9 par <a href=\"https:\/\/www.ovh.com\/fr\" target=\"_blank\" rel=\"noopener\">OVH<\/a>, 2 rue Kellerman, 59100 Roubaix<\/p>\n<h5>Droits de r\u00e9ponse<\/h5>\n<p>Pour tout demande\u00a0: <a href=\"mailto:contact@maneo-avocat.fr\">contact@maneo-avocat.fr<\/a><\/p>\n<h5>Informatique et libert\u00e9<\/h5>\n<p>Ce site web n&rsquo;enregistre aucune donn\u00e9e de ses utilisateurs. Son utilisation des cookies se limite strictement \u00e0 son fonctionnement (cookie de session). Ces cookies sont n\u00e9cessaires et sont accept\u00e9s par l&rsquo;utilisateur d\u00e8s lors qu&rsquo;il navigue sur le site. L&rsquo;utilisateur en est inform\u00e9 par un bandeau explicatif.<\/p>\n<h5>Liens hypertexte<\/h5>\n<p>Le site peut inclure des liens vers d\u2019autres sites web ou d\u2019autres sources de l\u2019Internet. Dans la mesure o\u00f9 MANEO AVOCAT ne peut contr\u00f4ler ces sites et ces sources externes, nous ne pouvons \u00eatre tenus pour responsables de la mise \u00e0 disposition de ces sites et sources externes, et ne pouvons supporter aucune responsabilit\u00e9 quant au contenu, publicit\u00e9s, produits, services ou tout autre mat\u00e9riel disponible sur ou \u00e0 partir de ces sites ou sources externes.<\/p>\n<h5>Titulaire des droits<\/h5>\n<p>Tout le contenu du pr\u00e9sent site internet www.maneo-avocat.fr, incluant, de fa\u00e7on non limitative, les graphismes, images, textes, vid\u00e9os, animations, sons, logos, gifs et ic\u00f4nes ainsi que leur mise en forme sont la propri\u00e9t\u00e9 exclusive de MANEO AVOCAT \u00e0 l\u2019exception des marques, logos ou contenus appartenant \u00e0 d\u2019autres soci\u00e9t\u00e9s et sont prot\u00e9g\u00e9s par le droit national et international de la propri\u00e9t\u00e9 intellectuelle.<br \/>Ces \u00e9l\u00e9ments restent la propri\u00e9t\u00e9 exclusive de MANEO AVOCAT et\/ou de ses partenaires.<br \/>A ce titre, sauf autorisation pr\u00e9alable et \u00e9crite, vous ne pouvez proc\u00e9der \u00e0 une quelconque reproduction, repr\u00e9sentation, adaptation, traduction et\/ou transformation partielle ou int\u00e9grale, ou un transfert sur un autre site web de tout \u00e9l\u00e9ment composant le Site.<br \/>Le non-respect de cette interdiction peut constituer un acte de contrefa\u00e7on engageant vos responsabilit\u00e9s civile et p\u00e9nale.<br \/>Conform\u00e9ment aux dispositions du Code de la propri\u00e9t\u00e9 Intellectuelle, seule est autoris\u00e9e l\u2019utilisation des \u00e9l\u00e9ments composant le Site \u00e0 des fins strictement personnelles.<\/p>\n<h5>Loi applicable \u2014 Juridiction<\/h5>\n<p>L\u2019ensemble du site rel\u00e8ve des l\u00e9gislations fran\u00e7aises et internationales sur le droit d\u2019auteur et la propri\u00e9t\u00e9 intellectuelle. Tous les droits de reproduction sont r\u00e9serv\u00e9s, y compris pour les documents iconographiques et photographiques.<\/p>\n<hr \/>\n<p>Les pr\u00e9sentes conditions du site internet www.maneo-avocat.fr par les lois fran\u00e7aises et toute contestation ou litige qui pourrait na\u00eetre de l\u2019interpr\u00e9tation ou de l\u2019ex\u00e9cution de celles-ci seront de la comp\u00e9tence exclusive des tribunaux dont d\u00e9pend le si\u00e8ge social de MANEO AVOCAT. La langue de r\u00e9f\u00e9rence, pour le r\u00e8glement de contentieux \u00e9ventuels, est le fran\u00e7ais.<\/p>\n<p>\u00a0<\/p>\n\t\t\t\t\t\t\t\t<\/div>\n\t\t\t\t<\/div>\n\t\t\t\t\t<\/div>\n\t\t\t\t<\/div>\n\t\t\t\t<\/div>\n\t\t","protected":false},"excerpt":{"rendered":"<p>Merci de bien vouloir lire attentivement l\u2019int\u00e9gralit\u00e9 des pr\u00e9sentes informations l\u00e9gales avant de consulter le site. Les pr\u00e9sentes informations l\u00e9gales ont pour objet de d\u00e9finir les modalit\u00e9s d\u2019acc\u00e8s et d\u2019utilisation du site accessible \u00e0 partir de l\u2019adresse www.maneo-avocat.fr et propos\u00e9 aux internautes par MANEO AVOCAT. \u00a0 SARL MANEO AVOCAT &gt; capital de 172.000\u20ac &gt; 40 [&hellip;]<\/p>\n","protected":false},"author":1,"featured_media":0,"parent":0,"menu_order":0,"comment_status":"closed","ping_status":"closed","template":"","meta":{"_eb_attr":"","footnotes":""},"class_list":["post-3","page","type-page","status-publish","hentry"],"_links":{"self":[{"href":"https:\/\/www.maneo-avocat.fr\/index.php\/wp-json\/wp\/v2\/pages\/3","targetHints":{"allow":["GET"]}}],"collection":[{"href":"https:\/\/www.maneo-avocat.fr\/index.php\/wp-json\/wp\/v2\/pages"}],"about":[{"href":"https:\/\/www.maneo-avocat.fr\/index.php\/wp-json\/wp\/v2\/types\/page"}],"author":[{"embeddable":true,"href":"https:\/\/www.maneo-avocat.fr\/index.php\/wp-json\/wp\/v2\/users\/1"}],"replies":[{"embeddable":true,"href":"https:\/\/www.maneo-avocat.fr\/index.php\/wp-json\/wp\/v2\/comments?post=3"}],"version-history":[{"count":4,"href":"https:\/\/www.maneo-avocat.fr\/index.php\/wp-json\/wp\/v2\/pages\/3\/revisions"}],"predecessor-version":[{"id":138,"href":"https:\/\/www.maneo-avocat.fr\/index.php\/wp-json\/wp\/v2\/pages\/3\/revisions\/138"}],"wp:attachment":[{"href":"https:\/\/www.maneo-avocat.fr\/index.php\/wp-json\/wp\/v2\/media?parent=3"}],"curies":[{"name":"wp","href":"https:\/\/api.w.org\/{rel}","templated":true}]}}